{"id":895,"date":"2021-07-08T10:21:22","date_gmt":"2021-07-08T08:21:22","guid":{"rendered":"https:\/\/molweni.ch\/?page_id=895"},"modified":"2026-02-27T09:10:14","modified_gmt":"2026-02-27T07:10:14","slug":"reisemedizin","status":"publish","type":"page","link":"https:\/\/molweni.ch\/?page_id=895","title":{"rendered":"Reisemedizin"},"content":{"rendered":"\t\t<div data-elementor-type=\"wp-page\" data-elementor-id=\"895\" class=\"elementor elementor-895\" data-elementor-post-type=\"page\">\n\t\t\t\t\t\t<section class=\"elementor-section elementor-top-section elementor-element elementor-element-65dd5cf2 elementor-section-boxed elementor-section-height-default elementor-section-height-default\" data-id=\"65dd5cf2\" data-element_type=\"section\" data-e-type=\"section\">\n\t\t\t\t\t\t<div class=\"elementor-container elementor-column-gap-no\">\n\t\t\t\t\t<div class=\"elementor-column elementor-col-50 elementor-top-column elementor-element elementor-element-1cd5f092 elementor-invisible\" data-id=\"1cd5f092\" data-element_type=\"column\" data-e-type=\"column\" data-settings=\"{&quot;animation&quot;:&quot;fadeInLeft&quot;}\">\n\t\t\t<div class=\"elementor-widget-wrap elementor-element-populated\">\n\t\t\t\t\t\t<div class=\"elementor-element elementor-element-1d7bcc18 elementor-widget elementor-widget-image\" data-id=\"1d7bcc18\" data-element_type=\"widget\" data-e-type=\"widget\" data-widget_type=\"image.default\">\n\t\t\t\t<div class=\"elementor-widget-container\">\n\t\t\t\t\t\t\t\t\t\t\t\t\t\t\t<img fetchpriority=\"high\" decoding=\"async\" width=\"800\" height=\"533\" src=\"https:\/\/molweni.ch\/wp-content\/uploads\/2021\/08\/reisemedizin.jpg\" class=\"attachment-full size-full wp-image-1301\" alt=\"Reisemedizin\" srcset=\"https:\/\/molweni.ch\/wp-content\/uploads\/2021\/08\/reisemedizin.jpg 800w, https:\/\/molweni.ch\/wp-content\/uploads\/2021\/08\/reisemedizin-300x200.jpg 300w, https:\/\/molweni.ch\/wp-content\/uploads\/2021\/08\/reisemedizin-768x512.jpg 768w\" sizes=\"(max-width: 800px) 100vw, 800px\" \/>\t\t\t\t\t\t\t\t\t\t\t\t\t\t\t<\/div>\n\t\t\t\t<\/div>\n\t\t\t\t\t<\/div>\n\t\t<\/div>\n\t\t\t\t<div class=\"elementor-column elementor-col-50 elementor-top-column elementor-element elementor-element-10b58f45 elementor-invisible\" data-id=\"10b58f45\" data-element_type=\"column\" data-e-type=\"column\" data-settings=\"{&quot;animation&quot;:&quot;fadeIn&quot;,&quot;background_background&quot;:&quot;classic&quot;}\">\n\t\t\t<div class=\"elementor-widget-wrap elementor-element-populated\">\n\t\t\t\t\t\t<div class=\"elementor-element elementor-element-3057caa8 elementor-view-default elementor-widget elementor-widget-icon\" data-id=\"3057caa8\" data-element_type=\"widget\" data-e-type=\"widget\" data-widget_type=\"icon.default\">\n\t\t\t\t<div class=\"elementor-widget-container\">\n\t\t\t\t\t\t\t<div class=\"elementor-icon-wrapper\">\n\t\t\t<div class=\"elementor-icon\">\n\t\t\t<svg xmlns=\"http:\/\/www.w3.org\/2000\/svg\" id=\"Layer_1\" data-name=\"Layer 1\" viewBox=\"0 0 242.6457 222.8745\"><defs><style>      .cls-1 {        fill: #fff;      }    <\/style><\/defs><path class=\"cls-1\" d=\"M106.3026,52.5706s4.7021-2.8935-7.2339-.7234-18.4466,7.234-18.4466,7.234L69.41,63.06l-6.8722,7.5957S43.7291,91.2722,45.1758,99.23s5.7872,22.0635,15.1913,26.7656,28.5741,2.17,28.5741,2.17l11.5742,5.0637-2.17,11.936s18.4465,12.2977,15.9146,18.4465a39.66,39.66,0,0,1-7.5956,11.2126s-.3617,5.7872,5.0637,13.0211,10.1276,19.5316,10.1276,19.5316l10.4892,5.4255,26.0421-17,6.5106-11.2126,12.6594-13.021,1.085-23.872s23.51-31.4676,18.0849-35.4463-15.553-2.8936-15.553-2.8936-18.8082-29.2974-21.34-33.9995,3.617-5.4254,3.617-5.4254,12.2977,23.51,19.17,28.2123,10.8509-.7234,10.8509-.7234l13.3828-13.7444s-11.2126-4.34-12.6594-10.4893,4.34-9.7658,4.34-9.7658L212.28,76.0809,223.854,94.1658s6.5106-10.4892-3.9786-29.2975-43.0419-47.0206-58.9566-50.9992-12.6594-.3617-18.8082-.3617-2.5319-2.8936-14.1062-.7234c0,0-17.3614,2.17-11.2126,5.7871s22.0635,3.2553,14.83,5.4255-18.0849,1.0851-18.0849,1.0851L101.2388,29.06s2.17,2.17-5.7871,5.7872S83.154,39.9112,83.154,39.9112s-9.0424,3.2553-3.9787,7.234S95.09,45.6984,95.09,45.6984s15.1913-4.34,19.17-1.4468,10.1275,3.2553,10.1275,3.2553l4.7021-4.34s8.6807,3.9787,13.3828,5.0638c0,0,12.6594-2.17,15.9146,1.8085s-.7234.3617-3.2552,6.8722-2.17,8.319-2.17,8.319.7234-.3617-14.4679-3.6169-23.1486-1.4468-23.1486-1.4468Z\"><\/path><path class=\"cls-1\" d=\"M9.8179,110.5918s10.2261-1.18,7.8662,9.4394a50.7241,50.7241,0,0,0,0,20.4521s3.9331,7.4728,9.0461,11.7993,7.4729,23.2052,7.8662,25.9584,11.406,25.1718,10.2261,24.7785-22.812-29.4982-29.1049-42.4775S8.638,116.8847,9.8179,110.5918Z\"><\/path><\/svg>\t\t\t<\/div>\n\t\t<\/div>\n\t\t\t\t\t\t<\/div>\n\t\t\t\t<\/div>\n\t\t\t\t<div class=\"elementor-element elementor-element-5db678e3 elementor-widget elementor-widget-heading\" data-id=\"5db678e3\" data-element_type=\"widget\" data-e-type=\"widget\" data-widget_type=\"heading.default\">\n\t\t\t\t<div class=\"elementor-widget-container\">\n\t\t\t\t\t<h1 class=\"elementor-heading-title elementor-size-default\">Reisemedizin<\/h1>\t\t\t\t<\/div>\n\t\t\t\t<\/div>\n\t\t\t\t\t<\/div>\n\t\t<\/div>\n\t\t\t\t\t<\/div>\n\t\t<\/section>\n\t\t\t\t<section class=\"elementor-section elementor-top-section elementor-element elementor-element-97d6fef elementor-section-boxed elementor-section-height-default elementor-section-height-default\" data-id=\"97d6fef\" data-element_type=\"section\" data-e-type=\"section\">\n\t\t\t\t\t\t<div class=\"elementor-container elementor-column-gap-default\">\n\t\t\t\t\t<div class=\"elementor-column elementor-col-100 elementor-top-column elementor-element elementor-element-f1cacfb\" data-id=\"f1cacfb\" data-element_type=\"column\" data-e-type=\"column\">\n\t\t\t<div class=\"elementor-widget-wrap elementor-element-populated\">\n\t\t\t\t\t\t<div class=\"elementor-element elementor-element-6ff2441 elementor-widget elementor-widget-text-editor\" data-id=\"6ff2441\" data-element_type=\"widget\" data-e-type=\"widget\" data-widget_type=\"text-editor.default\">\n\t\t\t\t<div class=\"elementor-widget-container\">\n\t\t\t\t\t\t\t\t\t<p><span style=\"font-weight: 400;\">Es ist mir ein grosses Anliegen, Sie f\u00fcr Reisen in jeden Winkel der Erde medizinisch vorzubereiten und Sie auch nach Ihrer R\u00fcckkehr bei Bedarf zu betreuen.<\/span><\/p><h3><strong>Beratung<\/strong><\/h3><p>In der reisemedizinischen Sprechstunde stelle ich Ihnen aufgrund Ihrer Reisepl\u00e4ne sowie ihres Impfausweises eine massgeschneiderte Impfempfehlung zusammen, die Impfungen k\u00f6nnen in der Regel gleichzeitig appliziert werden. Ebenfalls besprechen wir weitere Prophylaxen (ua. f\u00fcr Malaria) und ich berate Sie bez\u00fcglich weiterer Themen wie allgemeine Hygiene und Reiseapotheke.<\/p><h4>Wir bieten keine telefonischen- oder E-Mailberatungen an.<\/h4><p>Falls Sie ausschliesslich eine telefonische Beratung w\u00fcnschen, k\u00f6nnen Sie sich beim Tropeninstitut melden.\u00a0<\/p><p>Kontaktdaten Tropeninstitut:<\/p><div><a href=\"tel:0900575131\" target=\"_blank\" rel=\"noopener noreferrer\">Tel.: 0900 57 51 31<\/a>\u00a0(Montag\u2013Freitag, 09:00\u201311:00 Uhr, CHF 2.69\/Min., Schweizer Festnetz). Dieser Service ist kostenpflichtig.<\/div><h3><strong>Abkl\u00e4rungen<\/strong><\/h3><p>Sollten Sie nach Ihrer R\u00fcckkehr erkranken, zB. an Durchfall, unklarem Fieber oder Hautausschl\u00e4gen, k\u00f6nnen Sie in der Regel telefonisch zeitnah einen Termin zur weiteren Abkl\u00e4rung und Diagnostik vereinbaren, Dies kann bei Bedarf auch durch Ihren Hausarzt\/-arztin angemeldet werden.<\/p><h3><strong>Untersuchungen<\/strong><\/h3><p class=\"p1\">Tauchtauglichkeitsuntersuchungen sowie weitere Atteste, zB f\u00fcr Visumsantr\u00e4ge werden durch mich ebenfalls durchgef\u00fchrt resp. ausgestellt.<\/p><p><span style=\"font-weight: 400;\">Die Molweni Praxis ist eine offizielle Gelbfieberimpfstelle.<\/span><\/p><h3>Termin vereinbaren<\/h3><p><span style=\"font-weight: 400;\">Termine k\u00f6nnen telefonisch vereinbart werden (keine \u00dcberweisung durch den Hausarzt notwendig). Bitte bringen sie zur Konsultation ihren Impfausweis sowie ihre Krankenkassenkarte mit. Bitte beachten Sie, dass reisemedizinische Beratungen und Impfungen nicht durch die Grundversicherung vergu\u0308tet werden. Die anfallenden Kosten mu\u0308ssen unmittelbar vor Ort beglichen werden (bar oder mit Karte). Weitere Informationen entnehmen Sie der Preisliste und dem Informationsblatt.<\/span><\/p><h3>Reiseberatung f\u00fcr Familien und Gruppen am Freitagnachmittag.<\/h3><p>Wir bieten spezielle Termine f\u00fcr Familien und Gruppen, ab drei Personen, an den Freitagnachmittagen am 22.05.2026 und am 19.06.2026 an. Gerne beraten wir Sie pers\u00f6nlich und individuell, damit Ihre Reise bestm\u00f6glich vorbereitet ist.<\/p>\t\t\t\t\t\t\t\t<\/div>\n\t\t\t\t<\/div>\n\t\t\t\t\t<\/div>\n\t\t<\/div>\n\t\t\t\t\t<\/div>\n\t\t<\/section>\n\t\t\t\t<section class=\"elementor-section elementor-top-section elementor-element elementor-element-2d173fd elementor-section-boxed elementor-section-height-default elementor-section-height-default\" data-id=\"2d173fd\" data-element_type=\"section\" data-e-type=\"section\">\n\t\t\t\t\t\t<div class=\"elementor-container elementor-column-gap-default\">\n\t\t\t\t\t<div class=\"elementor-column elementor-col-100 elementor-top-column elementor-element elementor-element-061df59\" data-id=\"061df59\" data-element_type=\"column\" data-e-type=\"column\">\n\t\t\t<div class=\"elementor-widget-wrap elementor-element-populated\">\n\t\t\t\t\t\t<div class=\"elementor-element elementor-element-0757b8f elementor-widget elementor-widget-button\" data-id=\"0757b8f\" data-element_type=\"widget\" data-e-type=\"widget\" data-widget_type=\"button.default\">\n\t\t\t\t<div class=\"elementor-widget-container\">\n\t\t\t\t\t\t\t\t\t<div class=\"elementor-button-wrapper\">\n\t\t\t\t\t<a class=\"elementor-button elementor-button-link elementor-size-sm\" href=\"http:\/\/molweni.ch\/wp-content\/uploads\/2025\/06\/Merkblatt-Tropenreisen-2025.pdf\" target=\"_blank\">\n\t\t\t\t\t\t<span class=\"elementor-button-content-wrapper\">\n\t\t\t\t\t\t<span class=\"elementor-button-icon\">\n\t\t\t\t<i aria-hidden=\"true\" class=\"fas fa-download\"><\/i>\t\t\t<\/span>\n\t\t\t\t\t\t\t\t\t<span class=\"elementor-button-text\">Merkblatt Tropenreisen<\/span>\n\t\t\t\t\t<\/span>\n\t\t\t\t\t<\/a>\n\t\t\t\t<\/div>\n\t\t\t\t\t\t\t\t<\/div>\n\t\t\t\t<\/div>\n\t\t\t\t<div class=\"elementor-element elementor-element-17bde18 elementor-widget elementor-widget-button\" data-id=\"17bde18\" data-element_type=\"widget\" data-e-type=\"widget\" data-widget_type=\"button.default\">\n\t\t\t\t<div class=\"elementor-widget-container\">\n\t\t\t\t\t\t\t\t\t<div class=\"elementor-button-wrapper\">\n\t\t\t\t\t<a class=\"elementor-button elementor-button-link elementor-size-sm\" href=\"http:\/\/molweni.ch\/wp-content\/uploads\/2025\/06\/Preise-fur-Reisemedizin-2025.pdf\" target=\"_blank\">\n\t\t\t\t\t\t<span class=\"elementor-button-content-wrapper\">\n\t\t\t\t\t\t<span class=\"elementor-button-icon\">\n\t\t\t\t<i aria-hidden=\"true\" class=\"fas fa-download\"><\/i>\t\t\t<\/span>\n\t\t\t\t\t\t\t\t\t<span class=\"elementor-button-text\">Preise fu\u0308r Reisemedizin<\/span>\n\t\t\t\t\t<\/span>\n\t\t\t\t\t<\/a>\n\t\t\t\t<\/div>\n\t\t\t\t\t\t\t\t<\/div>\n\t\t\t\t<\/div>\n\t\t\t\t<div class=\"elementor-element elementor-element-a6354d1 elementor-widget-divider--view-line elementor-widget elementor-widget-divider\" data-id=\"a6354d1\" data-element_type=\"widget\" data-e-type=\"widget\" data-widget_type=\"divider.default\">\n\t\t\t\t<div class=\"elementor-widget-container\">\n\t\t\t\t\t\t\t<div class=\"elementor-divider\">\n\t\t\t<span class=\"elementor-divider-separator\">\n\t\t\t\t\t\t<\/span>\n\t\t<\/div>\n\t\t\t\t\t\t<\/div>\n\t\t\t\t<\/div>\n\t\t\t\t\t<\/div>\n\t\t<\/div>\n\t\t\t\t\t<\/div>\n\t\t<\/section>\n\t\t\t\t<section class=\"elementor-section elementor-top-section elementor-element elementor-element-accbfb5 elementor-section-boxed elementor-section-height-default elementor-section-height-default\" data-id=\"accbfb5\" data-element_type=\"section\" data-e-type=\"section\">\n\t\t\t\t\t\t<div class=\"elementor-container elementor-column-gap-default\">\n\t\t\t\t\t<div class=\"elementor-column elementor-col-100 elementor-top-column elementor-element elementor-element-20516d7\" data-id=\"20516d7\" data-element_type=\"column\" data-e-type=\"column\">\n\t\t\t<div class=\"elementor-widget-wrap elementor-element-populated\">\n\t\t\t\t\t\t<div class=\"elementor-element elementor-element-e32f6cd elementor-widget elementor-widget-text-editor\" data-id=\"e32f6cd\" data-element_type=\"widget\" data-e-type=\"widget\" data-widget_type=\"text-editor.default\">\n\t\t\t\t<div class=\"elementor-widget-container\">\n\t\t\t\t\t\t\t\t\t<h3 class=\"elementor-heading-title elementor-size-default\">Links<\/h3><p>\u00a0<\/p><p><a href=\"http:\/\/www.healthytravel.ch\">HEALTHYTRAVEL<\/a><\/p><p><a href=\"http:\/\/www.osir.ch\">OSIR REISEMEDIZIN<\/a><\/p><p><a href=\"http:\/\/www.swisstph.ch\">TROPENINSTITUT BASEL<\/a><\/p>\t\t\t\t\t\t\t\t<\/div>\n\t\t\t\t<\/div>\n\t\t\t\t\t<\/div>\n\t\t<\/div>\n\t\t\t\t\t<\/div>\n\t\t<\/section>\n\t\t\t\t<\/div>\n\t\t","protected":false},"excerpt":{"rendered":"<p>Reisemedizin Es ist mir ein grosses Anliegen, Sie f\u00fcr Reisen in jeden Winkel der Erde medizinisch vorzubereiten und Sie auch nach Ihrer R\u00fcckkehr bei Bedarf zu betreuen. Beratung In der reisemedizinischen Sprechstunde stelle ich Ihnen aufgrund Ihrer Reisepl\u00e4ne sowie ihres Impfausweises eine massgeschneiderte Impfempfehlung zusammen, die Impfungen k\u00f6nnen in der Regel gleichzeitig appliziert werden. Ebenfalls [&hellip;]<\/p>\n","protected":false},"author":1,"featured_media":1301,"parent":0,"menu_order":0,"comment_status":"closed","ping_status":"closed","template":"","meta":{"footnotes":""},"class_list":["post-895","page","type-page","status-publish","hentry"],"_links":{"self":[{"href":"https:\/\/molweni.ch\/index.php?rest_route=\/wp\/v2\/pages\/895","targetHints":{"allow":["GET"]}}],"collection":[{"href":"https:\/\/molweni.ch\/index.php?rest_route=\/wp\/v2\/pages"}],"about":[{"href":"https:\/\/molweni.ch\/index.php?rest_route=\/wp\/v2\/types\/page"}],"author":[{"embeddable":true,"href":"https:\/\/molweni.ch\/index.php?rest_route=\/wp\/v2\/users\/1"}],"replies":[{"embeddable":true,"href":"https:\/\/molweni.ch\/index.php?rest_route=%2Fwp%2Fv2%2Fcomments&post=895"}],"version-history":[{"count":116,"href":"https:\/\/molweni.ch\/index.php?rest_route=\/wp\/v2\/pages\/895\/revisions"}],"predecessor-version":[{"id":1875,"href":"https:\/\/molweni.ch\/index.php?rest_route=\/wp\/v2\/pages\/895\/revisions\/1875"}],"wp:featuredmedia":[{"embeddable":true,"href":"https:\/\/molweni.ch\/index.php?rest_route=\/wp\/v2\/media\/1301"}],"wp:attachment":[{"href":"https:\/\/molweni.ch\/index.php?rest_route=%2Fwp%2Fv2%2Fmedia&parent=895"}],"curies":[{"name":"wp","href":"https:\/\/api.w.org\/{rel}","templated":true}]}}