{"id":33,"date":"2021-06-03T12:25:47","date_gmt":"2021-06-03T10:25:47","guid":{"rendered":"https:\/\/molweni.ch\/?page_id=33"},"modified":"2025-02-11T11:32:15","modified_gmt":"2025-02-11T09:32:15","slug":"allgemeinmedizin","status":"publish","type":"page","link":"https:\/\/molweni.ch\/?page_id=33","title":{"rendered":"Allgemeinmedizin"},"content":{"rendered":"\t\t<div data-elementor-type=\"wp-page\" data-elementor-id=\"33\" class=\"elementor elementor-33\" data-elementor-post-type=\"page\">\n\t\t\t\t\t\t<section class=\"elementor-section elementor-top-section elementor-element elementor-element-7d64fe39 elementor-section-boxed elementor-section-height-default elementor-section-height-default\" data-id=\"7d64fe39\" data-element_type=\"section\" data-e-type=\"section\">\n\t\t\t\t\t\t<div class=\"elementor-container elementor-column-gap-no\">\n\t\t\t\t\t<div class=\"elementor-column elementor-col-50 elementor-top-column elementor-element elementor-element-34a5eb04 elementor-invisible\" data-id=\"34a5eb04\" data-element_type=\"column\" data-e-type=\"column\" data-settings=\"{&quot;animation&quot;:&quot;fadeInLeft&quot;}\">\n\t\t\t<div class=\"elementor-widget-wrap elementor-element-populated\">\n\t\t\t\t\t\t<div class=\"elementor-element elementor-element-54d10a62 elementor-widget elementor-widget-image\" data-id=\"54d10a62\" data-element_type=\"widget\" data-e-type=\"widget\" data-widget_type=\"image.default\">\n\t\t\t\t<div class=\"elementor-widget-container\">\n\t\t\t\t\t\t\t\t\t\t\t\t\t\t\t<img fetchpriority=\"high\" decoding=\"async\" width=\"800\" height=\"533\" src=\"https:\/\/molweni.ch\/wp-content\/uploads\/2021\/08\/allgemeinmedizin-2.jpg\" class=\"attachment-full size-full wp-image-1305\" alt=\"allgemeinmedizin\" srcset=\"https:\/\/molweni.ch\/wp-content\/uploads\/2021\/08\/allgemeinmedizin-2.jpg 800w, https:\/\/molweni.ch\/wp-content\/uploads\/2021\/08\/allgemeinmedizin-2-300x200.jpg 300w, https:\/\/molweni.ch\/wp-content\/uploads\/2021\/08\/allgemeinmedizin-2-768x512.jpg 768w\" sizes=\"(max-width: 800px) 100vw, 800px\" \/>\t\t\t\t\t\t\t\t\t\t\t\t\t\t\t<\/div>\n\t\t\t\t<\/div>\n\t\t\t\t\t<\/div>\n\t\t<\/div>\n\t\t\t\t<div class=\"elementor-column elementor-col-50 elementor-top-column elementor-element elementor-element-4e7c590f elementor-invisible\" data-id=\"4e7c590f\" data-element_type=\"column\" data-e-type=\"column\" data-settings=\"{&quot;animation&quot;:&quot;fadeIn&quot;,&quot;background_background&quot;:&quot;classic&quot;}\">\n\t\t\t<div class=\"elementor-widget-wrap elementor-element-populated\">\n\t\t\t\t\t\t<div class=\"elementor-element elementor-element-67cfbd48 elementor-view-default elementor-widget elementor-widget-icon\" data-id=\"67cfbd48\" data-element_type=\"widget\" data-e-type=\"widget\" data-widget_type=\"icon.default\">\n\t\t\t\t<div class=\"elementor-widget-container\">\n\t\t\t\t\t\t\t<div class=\"elementor-icon-wrapper\">\n\t\t\t<div class=\"elementor-icon\">\n\t\t\t<svg xmlns=\"http:\/\/www.w3.org\/2000\/svg\" id=\"Layer_1\" data-name=\"Layer 1\" viewBox=\"0 0 242.6457 222.8745\"><defs><style>      .cls-1 {        fill: #fff;      }    <\/style><\/defs><path class=\"cls-1\" d=\"M217.9249,90.2935c-28.96-23.8463-59.02-46.3752-87.1866-71.1262a10.5109,10.5109,0,0,0-3.7952-2.4706,6.893,6.893,0,0,0-4.8277.7286c-4.9122,2.322-10.3109,8.4382-13.2023,10.8406Q98.0891,37.26,87.3382,46.34C73.2788,58.1764,59.2458,70.0451,45.0407,81.7107c-5.5469,4.5553-5.9757,4.0438-11.5223,8.5987-2.5063,2.0583-2.182,6.4558.82,7.8889a11.0562,11.0562,0,0,0,4.7827.7175c6.3063.0081,12.6187-.0147,18.9285-.0219-.03.3445-.061.6812-.0863,1.0414-1.0949,24.01-.0261,49.4737-.098,73.6244.0581,4.95-.8657,24.0977.0754,27.5089,1.6116,5.8414,3.6911,7.3094,6.1278,7.7724,7.6813,1.4593,15.3038-.3147,22.9781-.5064,32.5318-.6717,65.073,1.6072,97.5927-.5593,4.7954-.9614,8.0588,2.6933,8.9817-6.0062.7016-7.016.0625-16.3927-.017-23.5739q-.3642-32.88-.2906-65.7709c.0055-2.546.2862-8.3877.3367-13.9789,1.9758-.0014,3.9564-.0125,5.9311-.0125,7.3974,0,7.3974.7273,14.7948.7273C218.9314,99.16,221.4254,93.1759,217.9249,90.2935ZM163.1742,153.15c-.3027,1.2092-1.1921,1.3123-2.0889,1.2971-.9546-.0162-1.9113.0128-2.8659.0266-1.87.0272-3.7386.07-5.6077.1056-4.4085.0876-8.8175.1115-13.2272.1105-.0056.064-.0071.1285-.0129.1925-.0394.4206-.0769.8427-.0775,1.2632-.0053,1.6945-.0009,3.389.0038,5.0834.0076,3.06.0161,6.12-.0314,9.1783-.0435,2.7785.6622,5.2227-.3608,7.29-.63,1.0437-4.7146.4205-5.846.4141q-4.0959-.0228-8.1917.0313-3.1518.0418-6.3019.1292c-1.5828.044-3.6491.3963-5.1952.0094-1.2088-.3027-1.3121-1.1923-1.2969-2.0891.0162-.9546-.0126-1.9113-.0264-2.8659-.0276-1.8692-.07-3.7383-.1057-5.6074-.0869-4.3786-.1112-8.758-.1109-13.1379-2.4837,0-4.9675-.0089-7.4509.0158-4.2338.0422-8.4392.4332-12.6768.1116a4.0243,4.0243,0,0,1-3.38-1.7129c-.5193-.7517-.01-4.9711-.0417-6.062q-.1013-3.499-.1057-7.0008c-.0029-2.9-.3437-6.384.1594-9.2237.7559-4.2637,4.6771-3.5238,7.4288-3.7207,5.23-.3743,10.5451-.1186,15.8343.0275.1142.0032.2275.0017.342.0047,0-2.5112.0091-5.0225-.0159-7.5335-.0423-4.2337-.4333-8.4387-.1115-12.6764a4.0247,4.0247,0,0,1,1.7128-3.3806c.7518-.5191,4.9712-.01,6.0621-.0413q3.4987-.1018,7.0008-.1056c2.9-.0032,6.3837-.3439,9.2235.1593,4.2635.7556,3.5238,4.6769,3.7207,7.4286.3743,5.23.1189,10.5451-.0273,15.8342-.0044.1422-.0023.2833-.0061.4256.0919.008.1843.01.2759.0187.4207.0392.8425.0768,1.2631.0775,1.6944.0055,3.389.0008,5.0834-.0039,3.06-.0076,6.12-.016,9.1781.0315,2.7787.0432,5.223-.6625,7.29.3607,1.0439.63.4207,4.7145.4145,5.846q-.0234,4.0958.0311,8.1918.0419,3.1515.13,6.3019C163.2088,149.5379,163.5611,151.6043,163.1742,153.15Z\"><\/path><\/svg>\t\t\t<\/div>\n\t\t<\/div>\n\t\t\t\t\t\t<\/div>\n\t\t\t\t<\/div>\n\t\t\t\t<div class=\"elementor-element elementor-element-41b24fe4 elementor-widget elementor-widget-heading\" data-id=\"41b24fe4\" data-element_type=\"widget\" data-e-type=\"widget\" data-widget_type=\"heading.default\">\n\t\t\t\t<div class=\"elementor-widget-container\">\n\t\t\t\t\t<h1 class=\"elementor-heading-title elementor-size-default\">Allgemeinmedizin<\/h1>\t\t\t\t<\/div>\n\t\t\t\t<\/div>\n\t\t\t\t\t<\/div>\n\t\t<\/div>\n\t\t\t\t\t<\/div>\n\t\t<\/section>\n\t\t\t\t<section class=\"elementor-section elementor-top-section elementor-element elementor-element-497b9cd elementor-section-boxed elementor-section-height-default elementor-section-height-default\" data-id=\"497b9cd\" data-element_type=\"section\" data-e-type=\"section\">\n\t\t\t\t\t\t<div class=\"elementor-container elementor-column-gap-default\">\n\t\t\t\t\t<div class=\"elementor-column elementor-col-100 elementor-top-column elementor-element elementor-element-182c86f\" data-id=\"182c86f\" data-element_type=\"column\" data-e-type=\"column\">\n\t\t\t<div class=\"elementor-widget-wrap elementor-element-populated\">\n\t\t\t\t\t\t<div class=\"elementor-element elementor-element-8ad657b elementor-widget elementor-widget-text-editor\" data-id=\"8ad657b\" data-element_type=\"widget\" data-e-type=\"widget\" data-widget_type=\"text-editor.default\">\n\t\t\t\t<div class=\"elementor-widget-container\">\n\t\t\t\t\t\t\t\t\t<p>Als Haus\u00e4rztin bin ich ihre Ansprechspartnerin f\u00fcr medizinische Probleme und Fragen aller Art. Ich bin Mitglied im \u00c4rztenetzwerk HARESO und f\u00fcr das Hausarztmodell bei vielen Krankenkassen anerkannt.<\/p><p>Ob bei akuten Erkrankungen oder zur Begleitung und langj\u00e4hrige Betreuung bei chronischen Erkrankungen, ich stehe Ihnen zur Verfu\u0308gung. Im gemeinsamen Gespr\u00e4ch und der anschliessenden Untersuchung k\u00f6nnen viele gesundheitliche Beschwerden diagnostiziert und gezielt und rasch behandelt werden.<\/p><h3>Untersuchungen<\/h3><p>Wir fu\u0308hren Basisuntersuchungen wie EKG, Laboruntersuchungen und Lungenfunktionstestung im Rahmen der haus\u00e4rztlichen T\u00e4tigkeit durch. Fu\u0308r weiterfu\u0308hrende Abkl\u00e4rungen wie R\u00f6ntgenuntersuchungen oder spezialisierte Untersuchungen arbeiten wir eng mit Institutionen und niedergelassenen Spezialist*innen der Region zusammen.<\/p><h3>Praxisapotheke<\/h3><p>Wir f\u00fchren eine gut sortierte Praxisapotheke. Bestellungen ausserhalb des Sortiments k\u00f6nnen jeweils bis Montag resp. Donnerstag Mittag telefonisch wie per Mail get\u00e4tigt werden und ab dem Folgetag abgeholt werden.<\/p>\t\t\t\t\t\t\t\t<\/div>\n\t\t\t\t<\/div>\n\t\t\t\t\t<\/div>\n\t\t<\/div>\n\t\t\t\t\t<\/div>\n\t\t<\/section>\n\t\t\t\t<section class=\"elementor-section elementor-top-section elementor-element elementor-element-12fd29d elementor-section-boxed elementor-section-height-default elementor-section-height-default\" data-id=\"12fd29d\" data-element_type=\"section\" data-e-type=\"section\">\n\t\t\t\t\t\t<div class=\"elementor-container elementor-column-gap-default\">\n\t\t\t\t\t<div class=\"elementor-column elementor-col-33 elementor-top-column elementor-element elementor-element-6f3d4d6\" data-id=\"6f3d4d6\" data-element_type=\"column\" data-e-type=\"column\">\n\t\t\t<div class=\"elementor-widget-wrap elementor-element-populated\">\n\t\t\t\t\t\t<div class=\"elementor-element elementor-element-7b6d04c elementor-widget elementor-widget-text-editor\" data-id=\"7b6d04c\" data-element_type=\"widget\" data-e-type=\"widget\" data-widget_type=\"text-editor.default\">\n\t\t\t\t<div class=\"elementor-widget-container\">\n\t\t\t\t\t\t\t\t\t<h3><strong>Links<\/strong><\/h3><p><a href=\"http:\/\/www.lungenliga.ch\">RAUCHSTOPP<\/a><\/p><p><a href=\"http:\/\/www.so-h.ch\">SOLOTHURNER SPIT\u00c4LER<\/a><\/p><p><a href=\"http:\/\/www.ivso.ch\">IV SOLOTHURN<\/a><\/p><p><a href=\"http:\/\/www.perspektive-so.ch\">PERSPEKTIVE<\/a><\/p>\t\t\t\t\t\t\t\t<\/div>\n\t\t\t\t<\/div>\n\t\t\t\t\t<\/div>\n\t\t<\/div>\n\t\t\t\t<div class=\"elementor-column elementor-col-33 elementor-top-column elementor-element elementor-element-6118ce8\" data-id=\"6118ce8\" data-element_type=\"column\" data-e-type=\"column\">\n\t\t\t<div class=\"elementor-widget-wrap elementor-element-populated\">\n\t\t\t\t\t\t<div class=\"elementor-element elementor-element-9755930 elementor-widget elementor-widget-image\" data-id=\"9755930\" data-element_type=\"widget\" data-e-type=\"widget\" data-widget_type=\"image.default\">\n\t\t\t\t<div class=\"elementor-widget-container\">\n\t\t\t\t\t\t\t\t\t\t\t\t\t\t\t\t<a href=\"https:\/\/hareso.ch\/\" target=\"_blank\">\n\t\t\t\t\t\t\t<img decoding=\"async\" width=\"297\" height=\"300\" src=\"https:\/\/molweni.ch\/wp-content\/uploads\/2025\/02\/Fuermichda_HARESO_rechts-297x300.png\" class=\"attachment-medium size-medium wp-image-1764\" alt=\"\" srcset=\"https:\/\/molweni.ch\/wp-content\/uploads\/2025\/02\/Fuermichda_HARESO_rechts-297x300.png 297w, https:\/\/molweni.ch\/wp-content\/uploads\/2025\/02\/Fuermichda_HARESO_rechts-1012x1024.png 1012w, https:\/\/molweni.ch\/wp-content\/uploads\/2025\/02\/Fuermichda_HARESO_rechts-768x777.png 768w, https:\/\/molweni.ch\/wp-content\/uploads\/2025\/02\/Fuermichda_HARESO_rechts.png 1044w\" sizes=\"(max-width: 297px) 100vw, 297px\" \/>\t\t\t\t\t\t\t\t<\/a>\n\t\t\t\t\t\t\t\t\t\t\t\t\t\t\t<\/div>\n\t\t\t\t<\/div>\n\t\t\t\t\t<\/div>\n\t\t<\/div>\n\t\t\t\t<div class=\"elementor-column elementor-col-33 elementor-top-column elementor-element elementor-element-8e5afc2\" data-id=\"8e5afc2\" data-element_type=\"column\" data-e-type=\"column\">\n\t\t\t<div class=\"elementor-widget-wrap elementor-element-populated\">\n\t\t\t\t\t\t<div class=\"elementor-element elementor-element-ea46b75 elementor-widget elementor-widget-image\" data-id=\"ea46b75\" data-element_type=\"widget\" data-e-type=\"widget\" data-widget_type=\"image.default\">\n\t\t\t\t<div class=\"elementor-widget-container\">\n\t\t\t\t\t\t\t\t\t\t\t\t\t\t\t\t<a href=\"https:\/\/fuermichda.ch\/\" target=\"_blank\">\n\t\t\t\t\t\t\t<img decoding=\"async\" width=\"297\" height=\"300\" src=\"https:\/\/molweni.ch\/wp-content\/uploads\/2024\/11\/Fuermichda-297x300.png\" class=\"attachment-medium size-medium wp-image-1745\" alt=\"\" srcset=\"https:\/\/molweni.ch\/wp-content\/uploads\/2024\/11\/Fuermichda-297x300.png 297w, https:\/\/molweni.ch\/wp-content\/uploads\/2024\/11\/Fuermichda-1013x1024.png 1013w, https:\/\/molweni.ch\/wp-content\/uploads\/2024\/11\/Fuermichda-768x777.png 768w, https:\/\/molweni.ch\/wp-content\/uploads\/2024\/11\/Fuermichda.png 1171w\" sizes=\"(max-width: 297px) 100vw, 297px\" \/>\t\t\t\t\t\t\t\t<\/a>\n\t\t\t\t\t\t\t\t\t\t\t\t\t\t\t<\/div>\n\t\t\t\t<\/div>\n\t\t\t\t\t<\/div>\n\t\t<\/div>\n\t\t\t\t\t<\/div>\n\t\t<\/section>\n\t\t\t\t<\/div>\n\t\t","protected":false},"excerpt":{"rendered":"<p>Allgemeinmedizin Als Haus\u00e4rztin bin ich ihre Ansprechspartnerin f\u00fcr medizinische Probleme und Fragen aller Art. Ich bin Mitglied im \u00c4rztenetzwerk HARESO und f\u00fcr das Hausarztmodell bei vielen Krankenkassen anerkannt. Ob bei akuten Erkrankungen oder zur Begleitung und langj\u00e4hrige Betreuung bei chronischen Erkrankungen, ich stehe Ihnen zur Verfu\u0308gung. Im gemeinsamen Gespr\u00e4ch und der anschliessenden Untersuchung k\u00f6nnen viele [&hellip;]<\/p>\n","protected":false},"author":1,"featured_media":1305,"parent":0,"menu_order":0,"comment_status":"closed","ping_status":"closed","template":"","meta":{"footnotes":""},"class_list":["post-33","page","type-page","status-publish","hentry"],"_links":{"self":[{"href":"https:\/\/molweni.ch\/index.php?rest_route=\/wp\/v2\/pages\/33","targetHints":{"allow":["GET"]}}],"collection":[{"href":"https:\/\/molweni.ch\/index.php?rest_route=\/wp\/v2\/pages"}],"about":[{"href":"https:\/\/molweni.ch\/index.php?rest_route=\/wp\/v2\/types\/page"}],"author":[{"embeddable":true,"href":"https:\/\/molweni.ch\/index.php?rest_route=\/wp\/v2\/users\/1"}],"replies":[{"embeddable":true,"href":"https:\/\/molweni.ch\/index.php?rest_route=%2Fwp%2Fv2%2Fcomments&post=33"}],"version-history":[{"count":71,"href":"https:\/\/molweni.ch\/index.php?rest_route=\/wp\/v2\/pages\/33\/revisions"}],"predecessor-version":[{"id":1767,"href":"https:\/\/molweni.ch\/index.php?rest_route=\/wp\/v2\/pages\/33\/revisions\/1767"}],"wp:featuredmedia":[{"embeddable":true,"href":"https:\/\/molweni.ch\/index.php?rest_route=\/wp\/v2\/media\/1305"}],"wp:attachment":[{"href":"https:\/\/molweni.ch\/index.php?rest_route=%2Fwp%2Fv2%2Fmedia&parent=33"}],"curies":[{"name":"wp","href":"https:\/\/api.w.org\/{rel}","templated":true}]}}