{"id":32,"date":"2021-06-03T12:24:49","date_gmt":"2021-06-03T10:24:49","guid":{"rendered":"https:\/\/molweni.ch\/?page_id=32"},"modified":"2021-09-10T08:59:19","modified_gmt":"2021-09-10T06:59:19","slug":"infektiologie","status":"publish","type":"page","link":"https:\/\/molweni.ch\/?page_id=32","title":{"rendered":"Infektiologie"},"content":{"rendered":"\t\t<div data-elementor-type=\"wp-page\" data-elementor-id=\"32\" class=\"elementor elementor-32\" data-elementor-post-type=\"page\">\n\t\t\t\t\t\t<section class=\"elementor-section elementor-top-section elementor-element elementor-element-ae293dd elementor-section-boxed elementor-section-height-default elementor-section-height-default\" data-id=\"ae293dd\" data-element_type=\"section\" data-e-type=\"section\">\n\t\t\t\t\t\t<div class=\"elementor-container elementor-column-gap-no\">\n\t\t\t\t\t<div class=\"elementor-column elementor-col-50 elementor-top-column elementor-element elementor-element-0d76849 elementor-invisible\" data-id=\"0d76849\" data-element_type=\"column\" data-e-type=\"column\" data-settings=\"{&quot;animation&quot;:&quot;fadeInLeft&quot;}\">\n\t\t\t<div class=\"elementor-widget-wrap elementor-element-populated\">\n\t\t\t\t\t\t<div class=\"elementor-element elementor-element-e4b2dec elementor-widget elementor-widget-image\" data-id=\"e4b2dec\" data-element_type=\"widget\" data-e-type=\"widget\" data-widget_type=\"image.default\">\n\t\t\t\t<div class=\"elementor-widget-container\">\n\t\t\t\t\t\t\t\t\t\t\t\t\t\t\t<img fetchpriority=\"high\" decoding=\"async\" width=\"800\" height=\"533\" src=\"https:\/\/molweni.ch\/wp-content\/uploads\/2021\/08\/infektiologie-1.jpg\" class=\"attachment-full size-full wp-image-1302\" alt=\"Infektiologie\" srcset=\"https:\/\/molweni.ch\/wp-content\/uploads\/2021\/08\/infektiologie-1.jpg 800w, https:\/\/molweni.ch\/wp-content\/uploads\/2021\/08\/infektiologie-1-300x200.jpg 300w, https:\/\/molweni.ch\/wp-content\/uploads\/2021\/08\/infektiologie-1-768x512.jpg 768w\" sizes=\"(max-width: 800px) 100vw, 800px\" \/>\t\t\t\t\t\t\t\t\t\t\t\t\t\t\t<\/div>\n\t\t\t\t<\/div>\n\t\t\t\t\t<\/div>\n\t\t<\/div>\n\t\t\t\t<div class=\"elementor-column elementor-col-50 elementor-top-column elementor-element elementor-element-bd944a7 elementor-invisible\" data-id=\"bd944a7\" data-element_type=\"column\" data-e-type=\"column\" data-settings=\"{&quot;animation&quot;:&quot;fadeIn&quot;,&quot;background_background&quot;:&quot;classic&quot;}\">\n\t\t\t<div class=\"elementor-widget-wrap elementor-element-populated\">\n\t\t\t\t\t\t<div class=\"elementor-element elementor-element-90dc9ad elementor-view-default elementor-widget elementor-widget-icon\" data-id=\"90dc9ad\" data-element_type=\"widget\" data-e-type=\"widget\" data-widget_type=\"icon.default\">\n\t\t\t\t<div class=\"elementor-widget-container\">\n\t\t\t\t\t\t\t<div class=\"elementor-icon-wrapper\">\n\t\t\t<div class=\"elementor-icon\">\n\t\t\t<svg xmlns=\"http:\/\/www.w3.org\/2000\/svg\" id=\"Layer_1\" data-name=\"Layer 1\" viewBox=\"0 0 242.6457 222.8745\"><defs><style>      .cls-1 {        fill: #fff;      }    <\/style><\/defs><path class=\"cls-1\" d=\"M48.3659,56.194c-2.5713.87-4.8169,1.836-7.1648,2.375-3.5558.8162-7.46-2.5455-7.6294-6.1037-.1808-3.8035,1.5065-6.7364,4-9.3855a16.1112,16.1112,0,0,1,6.1065-4.345,5.7136,5.7136,0,0,0,1.4575-.7723,3.7162,3.7162,0,0,1,4.4858-.2874c2.5554,1.4877,4.9552,3.2634,5.2281,6.3374.1472,1.6577-.5994,3.4425-1.1773,5.091a1.5959,1.5959,0,0,0,.4736,2.0783c3.3363,2.902,6.4964,6.0187,10,8.7077a21.6885,21.6885,0,0,0,6.6171,3.2179,12.3317,12.3317,0,0,0,5.2091.1424c.8428-.1153,1.5543-1.1185,2.3352-1.7072,2.2262-1.6784,4.43-3.3871,6.7053-5,.5974-.4236.785-.7253.4991-1.3939-.791-1.85-1.5588-3.7114-2.2812-5.5883-.5989-1.5559-2.0832-1.03-2.9556-.8922a5.0523,5.0523,0,0,1-4.6006-1.6437c-1.8891-1.8428-1.8431-3.9916-.7636-6.2158A14.9055,14.9055,0,0,1,86.478,32.1059a4.9,4.9,0,0,1,5.93,4.3391A10.6922,10.6922,0,0,1,90.9788,43.59a.9986.9986,0,0,0-.1032.8214c1.2352,1.9227,2.4753,3.8452,3.806,5.7046a1.65,1.65,0,0,0,2.3377.5515c1.5455-.8139,3.3515-1.2568,4.7082-2.2857a7.83,7.83,0,0,0,2.6729-5.797c.2913-3.7074.0814-7.4525.0814-10.8363a49.6894,49.6894,0,0,1-5.7875-2.4265A11.4764,11.4764,0,0,1,93.136,21.43c-1.0937-4.9094,4.6206-11.242,9.9993-11.3037,1.7382-.02,3.4848-.4965,5.2076-.4049a23.4579,23.4579,0,0,1,10.0279,2.3032c2.8883,1.5475,4.9108,3.7773,4.7438,7.23-.1082,2.237-1.334,4.0931-2.5563,5.9247a13.34,13.34,0,0,1-5.0208,4.6865,1.472,1.472,0,0,0-.54,1.127,39.0034,39.0034,0,0,0,1.3373,10.5718c.5865,2.2231,1.3821,4.2737,3.5173,5.399a14.2636,14.2636,0,0,0,3.603,1.0291c1.8793.41,3.7774.7382,5.6892,1.1052,2.6259-3.0307,3.6735-6.8416,5.0274-10.5047a1.0611,1.0611,0,0,0-.3713-.9373c-2.5407-1.7-3.3569-5.7923-.1519-7.8024,2.2212-1.393,4.8277-2.5822,7.8086-1.8444,3.9732.9835,6.8966,3.0749,8.1407,6.9945a6.8674,6.8674,0,0,1,.236,3.2789c-.4339,2.1933-2.3733,2.7539-4.2793,3.0486a1.8829,1.8829,0,0,0-1.7423,1.435q-1.4228,4.479-2.8764,8.9486c-.1782.5477-.4273,1.0732-.6044,1.5118l11.3656,7.221a17.38,17.38,0,0,0,1.6331-1.3344c3.8641-3.9107,7.6644-7.8827,11.5685-11.7544,2.0454-2.0285,4.2365-3.919,6.41-5.8191.7527-.658.7635-1.1672.192-1.9557-2.83-3.9051-1.08-10.3149,3.49-12.2939a7.2082,7.2082,0,0,1,5.7509-.084A20.1175,20.1175,0,0,1,191.1929,36.61c1.7471,3.2882.5859,9.0247-2.2151,11.2581-1.5828,1.2621-3.3945,1.1463-5.1835.6938-1.6634-.4207-3.2715-1.0487-4.9209-1.5295a.97.97,0,0,0-.8218.3027c-3.3414,4.5114-6.7055,9.0081-9.9558,13.5822-1.9781,2.7838-3.7567,5.7031-5.662,8.5376-.4315.6419-.3165,1.012.1617,1.61q2.8647,3.5817,5.5494,7.3c1.0389,1.44,1.6328,1.686,3.428,1.4331a33.9745,33.9745,0,0,0,10.45-3.5411,1.0606,1.0606,0,0,0,.52-.78c-.1161-3.699,5.238-7.2017,9.5965-4.1453a9.7385,9.7385,0,0,1,4.4024,7.2536A7.6949,7.6949,0,0,1,194.7,84.7835c-1.5737,1.6258-3.5957,1.4195-5.5727,1.2156a3.76,3.76,0,0,1-2.1034-.703c-1.6545-1.5894-3.3065-.7286-4.8432-.0587-2.566,1.1185-5.0249,2.4713-7.5449,3.6938-.8841.429-.9877.94-.6786,1.8594a38.3741,38.3741,0,0,1,2.326,9.937c.0189.3188.5223.754.893.8854a18.1018,18.1018,0,0,0,7.6547.7209c2.2545-.1878,4.5052-.4189,6.7581-.6261q4.0329-.3711,8.0665-.7343a1.4933,1.4933,0,0,0,1.4327-1.3641c.631-2.6649,1.73-5.0914,4.2047-6.6382,3.4033-2.1268,9.9545-2.025,12.9019,1.25a15.4571,15.4571,0,0,1,2.7361,5.0607c.6438,2.664,1.6715,5.2607,1.4462,8.08-.2717,3.4-1.106,6.58-3.5443,9.1734a9.36,9.36,0,0,1-6.144,2.7219,9.8262,9.8262,0,0,1-7.9742-2.2861,10.0771,10.0771,0,0,1-3.4811-5.1384,1.1826,1.1826,0,0,0-1.579-1.0322c-3.62.5959-7.25,1.1406-10.8677,1.7511-1.7824.3008-3.5377.7584-5.3217,1.0481-2.8181.4577-4.6754,1.7171-4.836,4.788a13.6042,13.6042,0,0,1-.7552,3.63,5.3215,5.3215,0,0,0,1.6919,5.7761c2.8508,2.7374,5.9954,5.1813,9.0251,7.7537.8167-.7541,1.4088-1.3042,2.0045-1.85,2.2429-2.0565,4.7492-1.0529,6.365.5a9.795,9.795,0,0,1,3.1084,6.9689c.0965,3.0992-1.4515,5.3088-3.6475,7.1393a8.2855,8.2855,0,0,1-6.8539,1.8894c-2.6679-.444-3.3305-1.6081-3.2879-4.07.0406-2.3542-.9232-3.3658-2.8733-4.3657a28.7064,28.7064,0,0,0-8.246-3.069,4.4979,4.4979,0,0,0-4.1632,1.1284,15.4054,15.4054,0,0,0-3.4264,4.7192,5.9979,5.9979,0,0,0-.2387,4.8072,18.9123,18.9123,0,0,0,4.5721,6.8549c3.7555,3.7906,7.3891,7.6969,11.02,11.4995a23.189,23.189,0,0,1,3.5284-1.2966c3.8743-.7569,9.5945,1.2194,10.8153,6.0316a9.2754,9.2754,0,0,1-1.8129,8.33,24.4736,24.4736,0,0,1-8.6065,7.0247,6.4478,6.4478,0,0,1-7.9549-1.3253,11.2507,11.2507,0,0,1-3.5216-8.2183,2.3468,2.3468,0,0,1,.2615-1.2358c.7252-1.0313.4195-1.7448-.4742-2.4941-3.5967-3.0157-7.14-6.0931-10.74-9.1045-2.1423-1.7917-4.3129-3.5563-6.5493-5.2326-1.6791-1.2586-2.8352-1.2207-4.4841-.0327-1.88,1.3548-3.7238,2.759-5.567,4.1624a1.0249,1.0249,0,0,0-.3894.6537,18.9722,18.9722,0,0,0,1.1313,8.1272c.5506,1.406,1.1346,2.8011,1.7634,4.1748.1316.2875.634.7081.7823.6461a3.3709,3.3709,0,0,1,3.4406.7724c2.7038,1.98,3.6268,4.2312,1.7245,6.8469a12.3618,12.3618,0,0,1-10.9415,5.494,16.59,16.59,0,0,1-5.19-1.0111c-2.6151-.9941-3.3369-2.9007-2.3131-5.4778a30.9672,30.9672,0,0,1,1.6-2.8291,1.4525,1.4525,0,0,0,.15-1.0083c-.9414-2.913-1.8957-5.8233-2.94-8.7017-.1445-.3984-.7608-.6935-1.22-.9112-2.4917-1.18-5.0312-.8392-7.5922-.2068-1.0663.2633-2.1728.3706-3.3833.5688-.1078,1.2634-.2776,2.6092-.3267,3.9592-.1152,3.1674-.1352,6.3384-.2685,9.5049-.0718,1.7084-.3864,3.4085-.4275,5.1161-.0373,1.5516.1473,3.1085.2334,4.65,1.7376.8905,3.5092,1.8963,5.3624,2.7276,3.7029,1.6609,4.8884,7.7452,2.8463,11.4692-2.9211,5.327-7.6394,7.905-13.4045,8.9517a8.96,8.96,0,0,1-4.1972-.438c-2.9852-.9808-6.0423-1.9219-8.3151-4.2722a10.8288,10.8288,0,0,1-3.3115-7.7514c.08-4.2605,2.3913-9.5436,9.172-10.4529a9.157,9.157,0,0,0,1.037-.2644,159.539,159.539,0,0,0-3.595-22.9335c-2.8288-.382-5.52-.887-8.2321-1.04a6.4076,6.4076,0,0,0-3.1828,1.0885c-3.8067,2.1589-6.9137,4.9357-8.0643,9.332a1.451,1.451,0,0,0,.4739,1.7125,6.0984,6.0984,0,0,1,1.7961,6.7974,5.741,5.741,0,0,1-3.8779,3.8319,13.9976,13.9976,0,0,1-9.9758.01c-2.9689-1.1961-6.1125-4.9841-5.8851-8.1094a6.8194,6.8194,0,0,1,2.5849-5.3981,3.4522,3.4522,0,0,0,.5011-.5c1.2129-1.3587,2.5909-2.3456,4.5079-1.8808,2.0123-2.3124,2.4253-5.0827,2.9627-7.804.3074-1.5562.566-3.1215.8647-4.6794a2.1847,2.1847,0,0,0-.6931-2.2285c-1.6488-1.4814-3.2687-2.9939-4.8837-4.5108-.6007-.5642-1.1553-1.1755-1.7346-1.7692a10.8935,10.8935,0,0,0-5.762,3.1855c-2.6346,2.6283-5.4074,5.123-8.07,7.7251-2.2362,2.1856-4.4159,4.4279-6.5687,6.6924a1.6574,1.6574,0,0,0-.1949,1.2376c.2937,1.8316.8063,3.6412.9551,5.4807.2395,2.9631-2.6093,5.97-5.6514,6.1778a14.3271,14.3271,0,0,1-11.6524-4.2779,14.9944,14.9944,0,0,1-3.6884-7.8994,9.1862,9.1862,0,0,1,.7184-6.4649,6.0817,6.0817,0,0,1,5.3066-3.1671c2.0508-.1608,4.1015-.542,6.1361.1882.2161.0775.6549-.21.8844-.4325,3.8937-3.7795,7.759-7.5872,11.6562-11.3632,2.0192-1.9565,4.0926-3.8592,6.1335-5.7942a2.4406,2.4406,0,0,0,.3753-3.4134c-1.5906-2.2694-3.1766-4.5421-4.7373-6.8312-.3719-.5455-.6955-.8211-1.4288-.53-3.0592,1.2128-6.1268,2.41-9.227,3.5165-.9317.3328-.8869,1.09-.9664,1.6819-.5713,4.2545-3.4953,5.9049-6.9675,6.6-3.3973.68-6.2929-1.3245-7.8937-4.728-1.0319-2.1937-1.0976-4.4714-1.2654-6.8124a12.0381,12.0381,0,0,1,1.5163-6.5315,3.6056,3.6056,0,0,1,4.5049-1.9768,35.5423,35.5423,0,0,1,4.5437,1.9175,2.453,2.453,0,0,0,1.3108.3521,49.8755,49.8755,0,0,0,6.7827-1.97,19.0043,19.0043,0,0,0,4.17-2.8443,1.727,1.727,0,0,0,.4785-1.4029c-.3122-1.9437-.6936-3.8817-1.1746-5.7916a3.523,3.523,0,0,0-1.072-1.6613c-1.8166-1.595-4.0292-2.0226-6.4273-2.1962-3.2675-.2365-6.514-.775-9.7624-1.2328-2.2276-.3139-4.443-.7109-6.664-1.07-.645-.1044-.9373.1967-1.2825.7459a48.7074,48.7074,0,0,1-3.5119,5.0792c-2.34,2.8452-5.532,3.1921-8.8773,2.3159-4.9493-1.2962-7.53-4.8068-8.4588-9.5245-.5855-2.9757-1.0108-6.0434-.1358-9.0321a12.6131,12.6131,0,0,1,10.41-9.5149c4.53-.8782,9.3355,2.25,11.1334,5.0107a8.1661,8.1661,0,0,1,1.2874,5.2261c-.0823.9188.3332,1.2108,1.2031,1.3092,3.8084.4306,7.6052.9651,11.4174,1.3568,2.6751.2749,5.3578.3787,7.9154-.7813a1.9537,1.9537,0,0,0,1.19-1.676q.75-4.3334,1.617-8.6466a1.4178,1.4178,0,0,0-.5762-1.6681,34.4731,34.4731,0,0,0-9.9965-5.0242,1.5048,1.5048,0,0,0-1.1485.3907,22.8766,22.8766,0,0,1-2.84,2.5984,4.5479,4.5479,0,0,1-5.2745-.0525A6.4675,6.4675,0,0,1,34.1063,86.16,14.0106,14.0106,0,0,1,39.534,74.3063a18.4838,18.4838,0,0,1,2.6523-2.0625,3.2031,3.2031,0,0,1,4.7447,1.5637,10.55,10.55,0,0,1,1.2384,5.5095c-.0607.7139.215,1.0408.9145,1.2244,3.1523.8274,6.284,1.7307,9.4417,2.537,1.459.3725,1.8635.0679,2.4719-1.3478a35.9889,35.9889,0,0,1,1.9452-4.2356,4.9006,4.9006,0,0,0,.3544-4.0176,15.7847,15.7847,0,0,0-6.08-8.9519,22.0344,22.0344,0,0,1-2.0087-1.85C52.8491,60.4438,50.4925,58.2088,48.3659,56.194Z\"><\/path><\/svg>\t\t\t<\/div>\n\t\t<\/div>\n\t\t\t\t\t\t<\/div>\n\t\t\t\t<\/div>\n\t\t\t\t<div class=\"elementor-element elementor-element-1795f8d elementor-widget elementor-widget-heading\" data-id=\"1795f8d\" data-element_type=\"widget\" data-e-type=\"widget\" data-widget_type=\"heading.default\">\n\t\t\t\t<div class=\"elementor-widget-container\">\n\t\t\t\t\t<h1 class=\"elementor-heading-title elementor-size-default\">Infektiologie<\/h1>\t\t\t\t<\/div>\n\t\t\t\t<\/div>\n\t\t\t\t\t<\/div>\n\t\t<\/div>\n\t\t\t\t\t<\/div>\n\t\t<\/section>\n\t\t\t\t<section class=\"elementor-section elementor-top-section elementor-element elementor-element-570d0fe elementor-section-boxed elementor-section-height-default elementor-section-height-default\" data-id=\"570d0fe\" data-element_type=\"section\" data-e-type=\"section\">\n\t\t\t\t\t\t<div class=\"elementor-container elementor-column-gap-default\">\n\t\t\t\t\t<div class=\"elementor-column elementor-col-100 elementor-top-column elementor-element elementor-element-11ed980\" data-id=\"11ed980\" data-element_type=\"column\" data-e-type=\"column\">\n\t\t\t<div class=\"elementor-widget-wrap elementor-element-populated\">\n\t\t\t\t\t\t<div class=\"elementor-element elementor-element-376ad4e elementor-widget elementor-widget-text-editor\" data-id=\"376ad4e\" data-element_type=\"widget\" data-e-type=\"widget\" data-widget_type=\"text-editor.default\">\n\t\t\t\t<div class=\"elementor-widget-container\">\n\t\t\t\t\t\t\t\t\t<p>Als Fach\u00e4rztin f\u00fcr Infektiologie behandle ich das ganze Spektrum der Infektionskrankheiten.<\/p><h3>Abkl\u00e4rungen<\/h3><ul><li>Abkl\u00e4rung und Behandlung von Patienten mit HIV, Hepatitis B, Hepatitis C<\/li><li>Ambulante Abkl\u00e4rung von Patienten mit unklaren Entz\u00fcndungen oder Fieber<\/li><li>Abkl\u00e4rung und Behandlung von Patienten mit Borreliose und anderen durch Zecken \u00fcbertragenen Infektionen<\/li><li>Abkl\u00e4rung und Behandlung von Patienten mit komplizierten Harnwegsinfektionen oder Atemwegsinfektionen<\/li><li>Abkl\u00e4rung und Behandlung von Fremdk\u00f6rperinfektionen.<\/li><\/ul><h3>Behandlung<\/h3><ul><li>Behandlung von Patienten mit Infektionen durch resistente Bakterien\u00a0<\/li><li>Infektionskrankheiten bei Reiser\u00fcckkehrern (z.B. Malaria, virale oder parasit\u00e4re tropische Krankheiten<\/li><\/ul><p>Die Anmeldung erfolgt in der Regel durch den Hausarzt\/die Haus\u00e4rztin. Diese\/r wird nach der Untersuchung von mir m\u00f6glichst rasch \u00fcber die Untersuchungsergebnisse sowie Therapie- und evtl. weitere Abkl\u00e4rungsvorschl\u00e4ge schriftlich, wenn n\u00f6tig auch telefonisch, informiert. Auf Wunsch erh\u00e4lt der Patient eine Kopie des Untersuchungsberichtes direkt zugestellt.\u00a0<\/p><p>Anmeldungen k\u00f6nnen schriftlich per E-Mail (<a href=\"mailto:beatrice.luethi@hin.ch\">molweni@hin.ch<\/a>) in dringenden F\u00e4llen auch telefonisch erfolgen<\/p>\t\t\t\t\t\t\t\t<\/div>\n\t\t\t\t<\/div>\n\t\t\t\t<div class=\"elementor-element elementor-element-8146772 elementor-widget-divider--view-line elementor-widget elementor-widget-divider\" data-id=\"8146772\" data-element_type=\"widget\" data-e-type=\"widget\" data-widget_type=\"divider.default\">\n\t\t\t\t<div class=\"elementor-widget-container\">\n\t\t\t\t\t\t\t<div class=\"elementor-divider\">\n\t\t\t<span class=\"elementor-divider-separator\">\n\t\t\t\t\t\t<\/span>\n\t\t<\/div>\n\t\t\t\t\t\t<\/div>\n\t\t\t\t<\/div>\n\t\t\t\t<div class=\"elementor-element elementor-element-dc84a3a elementor-widget elementor-widget-heading\" data-id=\"dc84a3a\" data-element_type=\"widget\" data-e-type=\"widget\" data-widget_type=\"heading.default\">\n\t\t\t\t<div class=\"elementor-widget-container\">\n\t\t\t\t\t<h2 class=\"elementor-heading-title elementor-size-default\">Links<\/h2>\t\t\t\t<\/div>\n\t\t\t\t<\/div>\n\t\t\t\t<div class=\"elementor-element elementor-element-8af5810 elementor-widget elementor-widget-text-editor\" data-id=\"8af5810\" data-element_type=\"widget\" data-e-type=\"widget\" data-widget_type=\"text-editor.default\">\n\t\t\t\t<div class=\"elementor-widget-container\">\n\t\t\t\t\t\t\t\t\t<p><a href=\"https:\/\/aidshilfe.ch\/\">AIDSHILFE SCHWEIZ<\/a><\/p><p><a href=\"https:\/\/www.lovelife.ch\/de\/\">STOP AIDS BAG<\/a><\/p><p><a href=\"https:\/\/www.hepatitis-schweiz.ch\/\">HEPATITIS C<\/a><\/p><p><a href=\"https:\/\/www.sginf.ch\/\">SCHWEIZERISCHE GESELLSCHAFT F\u00dcR INFEKTIOLOGIE<\/a><\/p>\t\t\t\t\t\t\t\t<\/div>\n\t\t\t\t<\/div>\n\t\t\t\t\t<\/div>\n\t\t<\/div>\n\t\t\t\t\t<\/div>\n\t\t<\/section>\n\t\t\t\t<\/div>\n\t\t","protected":false},"excerpt":{"rendered":"<p>Infektiologie Als Fach\u00e4rztin f\u00fcr Infektiologie behandle ich das ganze Spektrum der Infektionskrankheiten. Abkl\u00e4rungen Abkl\u00e4rung und Behandlung von Patienten mit HIV, Hepatitis B, Hepatitis C Ambulante Abkl\u00e4rung von Patienten mit unklaren Entz\u00fcndungen oder Fieber Abkl\u00e4rung und Behandlung von Patienten mit Borreliose und anderen durch Zecken \u00fcbertragenen Infektionen Abkl\u00e4rung und Behandlung von Patienten mit komplizierten Harnwegsinfektionen oder [&hellip;]<\/p>\n","protected":false},"author":1,"featured_media":1302,"parent":0,"menu_order":0,"comment_status":"closed","ping_status":"closed","template":"","meta":{"footnotes":""},"class_list":["post-32","page","type-page","status-publish","hentry"],"_links":{"self":[{"href":"https:\/\/molweni.ch\/index.php?rest_route=\/wp\/v2\/pages\/32","targetHints":{"allow":["GET"]}}],"collection":[{"href":"https:\/\/molweni.ch\/index.php?rest_route=\/wp\/v2\/pages"}],"about":[{"href":"https:\/\/molweni.ch\/index.php?rest_route=\/wp\/v2\/types\/page"}],"author":[{"embeddable":true,"href":"https:\/\/molweni.ch\/index.php?rest_route=\/wp\/v2\/users\/1"}],"replies":[{"embeddable":true,"href":"https:\/\/molweni.ch\/index.php?rest_route=%2Fwp%2Fv2%2Fcomments&post=32"}],"version-history":[{"count":142,"href":"https:\/\/molweni.ch\/index.php?rest_route=\/wp\/v2\/pages\/32\/revisions"}],"predecessor-version":[{"id":1493,"href":"https:\/\/molweni.ch\/index.php?rest_route=\/wp\/v2\/pages\/32\/revisions\/1493"}],"wp:featuredmedia":[{"embeddable":true,"href":"https:\/\/molweni.ch\/index.php?rest_route=\/wp\/v2\/media\/1302"}],"wp:attachment":[{"href":"https:\/\/molweni.ch\/index.php?rest_route=%2Fwp%2Fv2%2Fmedia&parent=32"}],"curies":[{"name":"wp","href":"https:\/\/api.w.org\/{rel}","templated":true}]}}